{"id":8289,"date":"2023-11-07T12:46:37","date_gmt":"2023-11-07T11:46:37","guid":{"rendered":"https:\/\/grizzlytools.de\/service\/data-sheets-on-ingredients\/"},"modified":"2023-11-21T14:25:50","modified_gmt":"2023-11-21T13:25:50","slug":"data-sheets-on-ingredients","status":"publish","type":"page","link":"https:\/\/grizzlytools.de\/en\/service\/data-sheets-on-ingredients\/","title":{"rendered":"Data sheets on ingredients"},"content":{"rendered":"\t\t<div data-elementor-type=\"wp-page\" data-elementor-id=\"8289\" class=\"elementor elementor-8289 elementor-8147\" data-elementor-post-type=\"page\">\n\t\t\t\t\t\t<section class=\"elementor-section elementor-top-section elementor-element elementor-element-d9276b9 elementor-section-full_width elementor-section-items-bottom elementor-section-height-min-height elementor-section-height-default\" data-id=\"d9276b9\" data-element_type=\"section\" data-e-type=\"section\" data-settings=\"{&quot;background_background&quot;:&quot;classic&quot;}\">\n\t\t\t\t\t\t\t<div class=\"elementor-background-overlay\"><\/div>\n\t\t\t\t\t\t\t<div class=\"elementor-container elementor-column-gap-default\">\n\t\t\t\t\t<div class=\"elementor-column elementor-col-100 elementor-top-column elementor-element elementor-element-fb5cb74\" data-id=\"fb5cb74\" data-element_type=\"column\" data-e-type=\"column\">\n\t\t\t<div class=\"elementor-widget-wrap elementor-element-populated\">\n\t\t\t\t\t\t<div class=\"elementor-element elementor-element-5cb016d grizzly-subheading elementor-widget__width-auto elementor-invisible elementor-widget elementor-widget-heading\" data-id=\"5cb016d\" data-element_type=\"widget\" data-e-type=\"widget\" data-settings=\"{&quot;_animation&quot;:&quot;fadeIn&quot;}\" data-widget_type=\"heading.default\">\n\t\t\t\t<div class=\"elementor-widget-container\">\n\t\t\t\t\t<p class=\"elementor-heading-title elementor-size-default\">#GrizzlyToolsServices<\/p>\t\t\t\t<\/div>\n\t\t\t\t<\/div>\n\t\t\t\t<div class=\"elementor-element elementor-element-367542f elementor-invisible elementor-widget elementor-widget-heading\" data-id=\"367542f\" data-element_type=\"widget\" data-e-type=\"widget\" data-settings=\"{&quot;_animation&quot;:&quot;fadeIn&quot;}\" data-widget_type=\"heading.default\">\n\t\t\t\t<div class=\"elementor-widget-container\">\n\t\t\t\t\t<h1 class=\"elementor-heading-title elementor-size-default\">Data sheets on ingredients<\/h1>\t\t\t\t<\/div>\n\t\t\t\t<\/div>\n\t\t\t\t\t<\/div>\n\t\t<\/div>\n\t\t\t\t\t<\/div>\n\t\t<\/section>\n\t\t\t\t<section class=\"elementor-section elementor-top-section elementor-element elementor-element-0fd5e74 elementor-section-full_width elementor-section-height-default elementor-section-height-default\" data-id=\"0fd5e74\" data-element_type=\"section\" data-e-type=\"section\">\n\t\t\t\t\t\t\t<div class=\"elementor-background-overlay\"><\/div>\n\t\t\t\t\t\t\t<div class=\"elementor-container elementor-column-gap-default\">\n\t\t\t\t\t<div class=\"elementor-column elementor-col-100 elementor-top-column elementor-element elementor-element-ad5540c\" data-id=\"ad5540c\" data-element_type=\"column\" data-e-type=\"column\">\n\t\t\t<div class=\"elementor-widget-wrap elementor-element-populated\">\n\t\t\t\t\t\t<div class=\"elementor-element elementor-element-5941970 elementor-widget elementor-widget-heading\" data-id=\"5941970\" data-element_type=\"widget\" data-e-type=\"widget\" data-widget_type=\"heading.default\">\n\t\t\t\t<div class=\"elementor-widget-container\">\n\t\t\t\t\t<h2 class=\"elementor-heading-title elementor-size-default\">Detergents<\/h2>\t\t\t\t<\/div>\n\t\t\t\t<\/div>\n\t\t\t\t<div class=\"elementor-element elementor-element-cbf3fd9 elementor-widget elementor-widget-text-editor\" data-id=\"cbf3fd9\" data-element_type=\"widget\" data-e-type=\"widget\" data-widget_type=\"text-editor.default\">\n\t\t\t\t<div class=\"elementor-widget-container\">\n\t\t\t\t\t\t\t\t\t<p>With the entry into force of Regulation (EC) No. 648\/2004 on detergents (EC Detergents Regulation), manufacturers of detergents, cleaning agents and cleaning products have been obliged by the EU Directive to provide a list of the ingredients of their products since October 8, 2005.<\/p><p>This information not only creates more transparency for the consumer, it also enables medical staff to act quickly in an emergency.<\/p>\t\t\t\t\t\t\t\t<\/div>\n\t\t\t\t<\/div>\n\t\t\t\t<div class=\"elementor-element elementor-element-9a9fdbe elementor-widget elementor-widget-heading\" data-id=\"9a9fdbe\" data-element_type=\"widget\" data-e-type=\"widget\" data-widget_type=\"heading.default\">\n\t\t\t\t<div class=\"elementor-widget-container\">\n\t\t\t\t\t<h3 class=\"elementor-heading-title elementor-size-default\">Data sheet for medical personnel<\/h3>\t\t\t\t<\/div>\n\t\t\t\t<\/div>\n\t\t\t\t<div class=\"elementor-element elementor-element-4842a96 elementor-widget elementor-widget-text-editor\" data-id=\"4842a96\" data-element_type=\"widget\" data-e-type=\"widget\" data-widget_type=\"text-editor.default\">\n\t\t\t\t<div class=\"elementor-widget-container\">\n\t\t\t\t\t\t\t\t\t<p>We provide separate data sheets for medical personnel.<br \/>These data sheets can be requested via the poison information center below.<\/p><p>Joint Poison Information Center of the states of Mecklenburg-Western Pomerania, Saxony, Saxony-Anhalt and Thuringia<\/p><p>Nordh\u00e4user Street 74<br \/>D &#8211; 99089 Erfurt<br \/>Tel.: + 49 (0) 361 &#8211; 730 730<br \/>https:\/\/www.ggiz-erfurt.de\/home.html<\/p>\t\t\t\t\t\t\t\t<\/div>\n\t\t\t\t<\/div>\n\t\t\t\t<section class=\"elementor-section elementor-inner-section elementor-element elementor-element-739e529 elementor-section-full_width elementor-section-content-top elementor-hidden-desktop elementor-hidden-tablet elementor-hidden-mobile_extra elementor-hidden-mobile elementor-section-height-default elementor-section-height-default\" data-id=\"739e529\" data-element_type=\"section\" data-e-type=\"section\">\n\t\t\t\t\t\t<div class=\"elementor-container elementor-column-gap-default\">\n\t\t\t\t\t<div class=\"elementor-column elementor-col-50 elementor-inner-column elementor-element elementor-element-14eec23 white-box\" data-id=\"14eec23\" data-element_type=\"column\" data-e-type=\"column\" data-settings=\"{&quot;background_background&quot;:&quot;classic&quot;}\">\n\t\t\t<div class=\"elementor-widget-wrap elementor-element-populated\">\n\t\t\t\t\t<div class=\"elementor-background-overlay\"><\/div>\n\t\t\t\t\t\t<div class=\"elementor-element elementor-element-8644804 elementor-widget elementor-widget-heading\" data-id=\"8644804\" data-element_type=\"widget\" data-e-type=\"widget\" data-widget_type=\"heading.default\">\n\t\t\t\t<div class=\"elementor-widget-container\">\n\t\t\t\t\t<h3 class=\"elementor-heading-title elementor-size-default\">PDF Download<\/h3>\t\t\t\t<\/div>\n\t\t\t\t<\/div>\n\t\t\t\t<div class=\"elementor-element elementor-element-3bca443 elementor-icon-list--layout-traditional elementor-list-item-link-full_width elementor-widget elementor-widget-icon-list\" data-id=\"3bca443\" data-element_type=\"widget\" data-e-type=\"widget\" data-widget_type=\"icon-list.default\">\n\t\t\t\t<div class=\"elementor-widget-container\">\n\t\t\t\t\t\t\t<ul class=\"elementor-icon-list-items\">\n\t\t\t\t\t\t\t<li class=\"elementor-icon-list-item\">\n\t\t\t\t\t\t\t\t\t\t\t<a href=\"https:\/\/grizzlytools.de\/wp-content\/uploads\/2023\/11\/DSP_1_208_201_Teppich_und_Polsterreiniger_IBC.pdf\" target=\"_blank\">\n\n\t\t\t\t\t\t\t\t\t\t\t\t<span class=\"elementor-icon-list-icon\">\n\t\t\t\t\t\t\t<svg aria-hidden=\"true\" class=\"e-font-icon-svg e-far-file-pdf\" viewBox=\"0 0 384 512\" xmlns=\"http:\/\/www.w3.org\/2000\/svg\"><path d=\"M369.9 97.9L286 14C277 5 264.8-.1 252.1-.1H48C21.5 0 0 21.5 0 48v416c0 26.5 21.5 48 48 48h288c26.5 0 48-21.5 48-48V131.9c0-12.7-5.1-25-14.1-34zM332.1 128H256V51.9l76.1 76.1zM48 464V48h160v104c0 13.3 10.7 24 24 24h104v288H48zm250.2-143.7c-12.2-12-47-8.7-64.4-6.5-17.2-10.5-28.7-25-36.8-46.3 3.9-16.1 10.1-40.6 5.4-56-4.2-26.2-37.8-23.6-42.6-5.9-4.4 16.1-.4 38.5 7 67.1-10 23.9-24.9 56-35.4 74.4-20 10.3-47 26.2-51 46.2-3.3 15.8 26 55.2 76.1-31.2 22.4-7.4 46.8-16.5 68.4-20.1 18.9 10.2 41 17 55.8 17 25.5 0 28-28.2 17.5-38.7zm-198.1 77.8c5.1-13.7 24.5-29.5 30.4-35-19 30.3-30.4 35.7-30.4 35zm81.6-190.6c7.4 0 6.7 32.1 1.8 40.8-4.4-13.9-4.3-40.8-1.8-40.8zm-24.4 136.6c9.7-16.9 18-37 24.7-54.7 8.3 15.1 18.9 27.2 30.1 35.5-20.8 4.3-38.9 13.1-54.8 19.2zm131.6-5s-5 6-37.3-7.8c35.1-2.6 40.9 5.4 37.3 7.8z\"><\/path><\/svg>\t\t\t\t\t\t<\/span>\n\t\t\t\t\t\t\t\t\t\t<span class=\"elementor-icon-list-text\">DSP 1 208 201 - Teppich und Polsterreiniger BC<\/span>\n\t\t\t\t\t\t\t\t\t\t\t<\/a>\n\t\t\t\t\t\t\t\t\t<\/li>\n\t\t\t\t\t\t\t\t<li class=\"elementor-icon-list-item\">\n\t\t\t\t\t\t\t\t\t\t\t<a href=\"https:\/\/grizzlytools.de\/wp-content\/uploads\/2023\/11\/DSP_1_807_071_Schaumreiniger-Konzentrat.pdf\" target=\"_blank\">\n\n\t\t\t\t\t\t\t\t\t\t\t\t<span class=\"elementor-icon-list-icon\">\n\t\t\t\t\t\t\t<svg aria-hidden=\"true\" class=\"e-font-icon-svg e-far-file-pdf\" viewBox=\"0 0 384 512\" xmlns=\"http:\/\/www.w3.org\/2000\/svg\"><path d=\"M369.9 97.9L286 14C277 5 264.8-.1 252.1-.1H48C21.5 0 0 21.5 0 48v416c0 26.5 21.5 48 48 48h288c26.5 0 48-21.5 48-48V131.9c0-12.7-5.1-25-14.1-34zM332.1 128H256V51.9l76.1 76.1zM48 464V48h160v104c0 13.3 10.7 24 24 24h104v288H48zm250.2-143.7c-12.2-12-47-8.7-64.4-6.5-17.2-10.5-28.7-25-36.8-46.3 3.9-16.1 10.1-40.6 5.4-56-4.2-26.2-37.8-23.6-42.6-5.9-4.4 16.1-.4 38.5 7 67.1-10 23.9-24.9 56-35.4 74.4-20 10.3-47 26.2-51 46.2-3.3 15.8 26 55.2 76.1-31.2 22.4-7.4 46.8-16.5 68.4-20.1 18.9 10.2 41 17 55.8 17 25.5 0 28-28.2 17.5-38.7zm-198.1 77.8c5.1-13.7 24.5-29.5 30.4-35-19 30.3-30.4 35.7-30.4 35zm81.6-190.6c7.4 0 6.7 32.1 1.8 40.8-4.4-13.9-4.3-40.8-1.8-40.8zm-24.4 136.6c9.7-16.9 18-37 24.7-54.7 8.3 15.1 18.9 27.2 30.1 35.5-20.8 4.3-38.9 13.1-54.8 19.2zm131.6-5s-5 6-37.3-7.8c35.1-2.6 40.9 5.4 37.3 7.8z\"><\/path><\/svg>\t\t\t\t\t\t<\/span>\n\t\t\t\t\t\t\t\t\t\t<span class=\"elementor-icon-list-text\">DSP 1 807 071 Schaumreinigerkonzentrat<\/span>\n\t\t\t\t\t\t\t\t\t\t\t<\/a>\n\t\t\t\t\t\t\t\t\t<\/li>\n\t\t\t\t\t\t\t\t<li class=\"elementor-icon-list-item\">\n\t\t\t\t\t\t\t\t\t\t\t<a href=\"https:\/\/grizzlytools.de\/wp-content\/uploads\/2023\/11\/DSP_2_002_212_Teppich_und_Polsterreiniger.pdf\" target=\"_blank\">\n\n\t\t\t\t\t\t\t\t\t\t\t\t<span class=\"elementor-icon-list-icon\">\n\t\t\t\t\t\t\t<svg aria-hidden=\"true\" class=\"e-font-icon-svg e-far-file-pdf\" viewBox=\"0 0 384 512\" xmlns=\"http:\/\/www.w3.org\/2000\/svg\"><path d=\"M369.9 97.9L286 14C277 5 264.8-.1 252.1-.1H48C21.5 0 0 21.5 0 48v416c0 26.5 21.5 48 48 48h288c26.5 0 48-21.5 48-48V131.9c0-12.7-5.1-25-14.1-34zM332.1 128H256V51.9l76.1 76.1zM48 464V48h160v104c0 13.3 10.7 24 24 24h104v288H48zm250.2-143.7c-12.2-12-47-8.7-64.4-6.5-17.2-10.5-28.7-25-36.8-46.3 3.9-16.1 10.1-40.6 5.4-56-4.2-26.2-37.8-23.6-42.6-5.9-4.4 16.1-.4 38.5 7 67.1-10 23.9-24.9 56-35.4 74.4-20 10.3-47 26.2-51 46.2-3.3 15.8 26 55.2 76.1-31.2 22.4-7.4 46.8-16.5 68.4-20.1 18.9 10.2 41 17 55.8 17 25.5 0 28-28.2 17.5-38.7zm-198.1 77.8c5.1-13.7 24.5-29.5 30.4-35-19 30.3-30.4 35.7-30.4 35zm81.6-190.6c7.4 0 6.7 32.1 1.8 40.8-4.4-13.9-4.3-40.8-1.8-40.8zm-24.4 136.6c9.7-16.9 18-37 24.7-54.7 8.3 15.1 18.9 27.2 30.1 35.5-20.8 4.3-38.9 13.1-54.8 19.2zm131.6-5s-5 6-37.3-7.8c35.1-2.6 40.9 5.4 37.3 7.8z\"><\/path><\/svg>\t\t\t\t\t\t<\/span>\n\t\t\t\t\t\t\t\t\t\t<span class=\"elementor-icon-list-text\">DSP 2 002 212 Teppich und Polsterreiniger<\/span>\n\t\t\t\t\t\t\t\t\t\t\t<\/a>\n\t\t\t\t\t\t\t\t\t<\/li>\n\t\t\t\t\t\t\t\t<li class=\"elementor-icon-list-item\">\n\t\t\t\t\t\t\t\t\t\t\t<a href=\"https:\/\/grizzlytools.de\/wp-content\/uploads\/2023\/11\/DSP_810_191_Terrassen-_und_Fassadenreiniger-Konzentrat.pdf\" target=\"_blank\">\n\n\t\t\t\t\t\t\t\t\t\t\t\t<span class=\"elementor-icon-list-icon\">\n\t\t\t\t\t\t\t<svg aria-hidden=\"true\" class=\"e-font-icon-svg e-far-file-pdf\" viewBox=\"0 0 384 512\" xmlns=\"http:\/\/www.w3.org\/2000\/svg\"><path d=\"M369.9 97.9L286 14C277 5 264.8-.1 252.1-.1H48C21.5 0 0 21.5 0 48v416c0 26.5 21.5 48 48 48h288c26.5 0 48-21.5 48-48V131.9c0-12.7-5.1-25-14.1-34zM332.1 128H256V51.9l76.1 76.1zM48 464V48h160v104c0 13.3 10.7 24 24 24h104v288H48zm250.2-143.7c-12.2-12-47-8.7-64.4-6.5-17.2-10.5-28.7-25-36.8-46.3 3.9-16.1 10.1-40.6 5.4-56-4.2-26.2-37.8-23.6-42.6-5.9-4.4 16.1-.4 38.5 7 67.1-10 23.9-24.9 56-35.4 74.4-20 10.3-47 26.2-51 46.2-3.3 15.8 26 55.2 76.1-31.2 22.4-7.4 46.8-16.5 68.4-20.1 18.9 10.2 41 17 55.8 17 25.5 0 28-28.2 17.5-38.7zm-198.1 77.8c5.1-13.7 24.5-29.5 30.4-35-19 30.3-30.4 35.7-30.4 35zm81.6-190.6c7.4 0 6.7 32.1 1.8 40.8-4.4-13.9-4.3-40.8-1.8-40.8zm-24.4 136.6c9.7-16.9 18-37 24.7-54.7 8.3 15.1 18.9 27.2 30.1 35.5-20.8 4.3-38.9 13.1-54.8 19.2zm131.6-5s-5 6-37.3-7.8c35.1-2.6 40.9 5.4 37.3 7.8z\"><\/path><\/svg>\t\t\t\t\t\t<\/span>\n\t\t\t\t\t\t\t\t\t\t<span class=\"elementor-icon-list-text\">DSP 810 191 Terrassen- und Fassadenreinigerkonzentrat<\/span>\n\t\t\t\t\t\t\t\t\t\t\t<\/a>\n\t\t\t\t\t\t\t\t\t<\/li>\n\t\t\t\t\t\t\t\t<li class=\"elementor-icon-list-item\">\n\t\t\t\t\t\t\t\t\t\t\t<a href=\"https:\/\/grizzlytools.de\/wp-content\/uploads\/2023\/11\/DSP_7891_Reinigungsmittel_fuer_Hochdruckreiniger_URM_500.pdf\" target=\"_blank\">\n\n\t\t\t\t\t\t\t\t\t\t\t\t<span class=\"elementor-icon-list-icon\">\n\t\t\t\t\t\t\t<svg aria-hidden=\"true\" class=\"e-font-icon-svg e-far-file-pdf\" viewBox=\"0 0 384 512\" xmlns=\"http:\/\/www.w3.org\/2000\/svg\"><path d=\"M369.9 97.9L286 14C277 5 264.8-.1 252.1-.1H48C21.5 0 0 21.5 0 48v416c0 26.5 21.5 48 48 48h288c26.5 0 48-21.5 48-48V131.9c0-12.7-5.1-25-14.1-34zM332.1 128H256V51.9l76.1 76.1zM48 464V48h160v104c0 13.3 10.7 24 24 24h104v288H48zm250.2-143.7c-12.2-12-47-8.7-64.4-6.5-17.2-10.5-28.7-25-36.8-46.3 3.9-16.1 10.1-40.6 5.4-56-4.2-26.2-37.8-23.6-42.6-5.9-4.4 16.1-.4 38.5 7 67.1-10 23.9-24.9 56-35.4 74.4-20 10.3-47 26.2-51 46.2-3.3 15.8 26 55.2 76.1-31.2 22.4-7.4 46.8-16.5 68.4-20.1 18.9 10.2 41 17 55.8 17 25.5 0 28-28.2 17.5-38.7zm-198.1 77.8c5.1-13.7 24.5-29.5 30.4-35-19 30.3-30.4 35.7-30.4 35zm81.6-190.6c7.4 0 6.7 32.1 1.8 40.8-4.4-13.9-4.3-40.8-1.8-40.8zm-24.4 136.6c9.7-16.9 18-37 24.7-54.7 8.3 15.1 18.9 27.2 30.1 35.5-20.8 4.3-38.9 13.1-54.8 19.2zm131.6-5s-5 6-37.3-7.8c35.1-2.6 40.9 5.4 37.3 7.8z\"><\/path><\/svg>\t\t\t\t\t\t<\/span>\n\t\t\t\t\t\t\t\t\t\t<span class=\"elementor-icon-list-text\">DSP 7891 Reinigungsmittel fu\u0308r Hochdruckreiniger URM500<\/span>\n\t\t\t\t\t\t\t\t\t\t\t<\/a>\n\t\t\t\t\t\t\t\t\t<\/li>\n\t\t\t\t\t\t\t\t<li class=\"elementor-icon-list-item\">\n\t\t\t\t\t\t\t\t\t\t\t<a href=\"https:\/\/grizzlytools.de\/wp-content\/uploads\/2023\/11\/DSP_1811192_Textilimpraegnierer.pdf\" target=\"_blank\">\n\n\t\t\t\t\t\t\t\t\t\t\t\t<span class=\"elementor-icon-list-icon\">\n\t\t\t\t\t\t\t<svg aria-hidden=\"true\" class=\"e-font-icon-svg e-far-file-pdf\" viewBox=\"0 0 384 512\" xmlns=\"http:\/\/www.w3.org\/2000\/svg\"><path d=\"M369.9 97.9L286 14C277 5 264.8-.1 252.1-.1H48C21.5 0 0 21.5 0 48v416c0 26.5 21.5 48 48 48h288c26.5 0 48-21.5 48-48V131.9c0-12.7-5.1-25-14.1-34zM332.1 128H256V51.9l76.1 76.1zM48 464V48h160v104c0 13.3 10.7 24 24 24h104v288H48zm250.2-143.7c-12.2-12-47-8.7-64.4-6.5-17.2-10.5-28.7-25-36.8-46.3 3.9-16.1 10.1-40.6 5.4-56-4.2-26.2-37.8-23.6-42.6-5.9-4.4 16.1-.4 38.5 7 67.1-10 23.9-24.9 56-35.4 74.4-20 10.3-47 26.2-51 46.2-3.3 15.8 26 55.2 76.1-31.2 22.4-7.4 46.8-16.5 68.4-20.1 18.9 10.2 41 17 55.8 17 25.5 0 28-28.2 17.5-38.7zm-198.1 77.8c5.1-13.7 24.5-29.5 30.4-35-19 30.3-30.4 35.7-30.4 35zm81.6-190.6c7.4 0 6.7 32.1 1.8 40.8-4.4-13.9-4.3-40.8-1.8-40.8zm-24.4 136.6c9.7-16.9 18-37 24.7-54.7 8.3 15.1 18.9 27.2 30.1 35.5-20.8 4.3-38.9 13.1-54.8 19.2zm131.6-5s-5 6-37.3-7.8c35.1-2.6 40.9 5.4 37.3 7.8z\"><\/path><\/svg>\t\t\t\t\t\t<\/span>\n\t\t\t\t\t\t\t\t\t\t<span class=\"elementor-icon-list-text\">DSP 1811192 Textilimpra\u0308gnierer<\/span>\n\t\t\t\t\t\t\t\t\t\t\t<\/a>\n\t\t\t\t\t\t\t\t\t<\/li>\n\t\t\t\t\t\t<\/ul>\n\t\t\t\t\t\t<\/div>\n\t\t\t\t<\/div>\n\t\t\t\t\t<\/div>\n\t\t<\/div>\n\t\t\t\t<div class=\"elementor-column elementor-col-50 elementor-inner-column elementor-element elementor-element-8bba43f white-box\" data-id=\"8bba43f\" data-element_type=\"column\" data-e-type=\"column\" data-settings=\"{&quot;background_background&quot;:&quot;classic&quot;}\">\n\t\t\t<div class=\"elementor-widget-wrap elementor-element-populated\">\n\t\t\t\t\t<div class=\"elementor-background-overlay\"><\/div>\n\t\t\t\t\t\t<div class=\"elementor-element elementor-element-6d84cba elementor-widget elementor-widget-heading\" data-id=\"6d84cba\" data-element_type=\"widget\" data-e-type=\"widget\" data-widget_type=\"heading.default\">\n\t\t\t\t<div class=\"elementor-widget-container\">\n\t\t\t\t\t<h3 class=\"elementor-heading-title elementor-size-default\">Datenblatt f\u00fcr medizinisches \u00adPersonal<\/h3>\t\t\t\t<\/div>\n\t\t\t\t<\/div>\n\t\t\t\t<div class=\"elementor-element elementor-element-76451ca textbox elementor-widget elementor-widget-text-editor\" data-id=\"76451ca\" data-element_type=\"widget\" data-e-type=\"widget\" data-widget_type=\"text-editor.default\">\n\t\t\t\t<div class=\"elementor-widget-container\">\n\t\t\t\t\t\t\t\t\tF\u00fcr medizinisches Personal stellen wir gesonderte Datenbl\u00e4tter zur Verf\u00fcgung.\n<br>\nDiese Datenbl\u00e4tter k\u00f6nnen \u00fcber das unten stehende Giftinformationszentrum angefordert werden.\n<br><br>\nGemeinsames Giftinformationszentrum der L\u00e4nder Mecklenburg-Vorpommern, Sachsen, Sachsen-Anhalt und Th\u00fcringen\n<br><br>\nNordh\u00e4user Stra\u00dfe 74\n<br>\nD &#8211; 99089 Erfurt\n<br>\nTel.: <a href=\"tel:+49361730730\">+ 49 (0) 361 &#8211; 730 730<\/a>\n<br>\n<a href=\"https:\/\/www.ggiz-erfurt.de\/home.html\">https:\/\/www.ggiz-erfurt.de\/home.html<\/a>\t\t\t\t\t\t\t\t<\/div>\n\t\t\t\t<\/div>\n\t\t\t\t\t<\/div>\n\t\t<\/div>\n\t\t\t\t\t<\/div>\n\t\t<\/section>\n\t\t\t\t\t<\/div>\n\t\t<\/div>\n\t\t\t\t\t<\/div>\n\t\t<\/section>\n\t\t\t\t<\/div>\n\t\t","protected":false},"excerpt":{"rendered":"<p>#GrizzlyToolsServices Data sheets on ingredients Detergents With the entry into force of Regulation (EC) No. 648\/2004 on detergents (EC Detergents Regulation), manufacturers of detergents, cleaning agents and cleaning products have been obliged by the EU Directive to provide a list of the ingredients of their products since October 8, 2005. This information not only creates [&hellip;]<\/p>\n","protected":false},"author":1,"featured_media":0,"parent":7452,"menu_order":0,"comment_status":"closed","ping_status":"closed","template":"","meta":{"footnotes":""},"class_list":["post-8289","page","type-page","status-publish","hentry"],"yoast_head":"<!-- This site is optimized with the Yoast SEO plugin v27.3 - https:\/\/yoast.com\/product\/yoast-seo-wordpress\/ -->\n<title>Grizzly Tools | Data sheets on ingredients<\/title>\n<meta name=\"description\" content=\"The data sheets not only create more transparency for the consumer, they also enable quick action to be taken in an emergency.\" \/>\n<meta name=\"robots\" content=\"index, follow, max-snippet:-1, max-image-preview:large, max-video-preview:-1\" \/>\n<link rel=\"canonical\" href=\"https:\/\/grizzlytools.de\/en\/service\/data-sheets-on-ingredients\/\" \/>\n<meta property=\"og:locale\" content=\"en_US\" \/>\n<meta property=\"og:type\" content=\"article\" \/>\n<meta property=\"og:title\" content=\"Grizzly Tools | Data sheets on ingredients\" \/>\n<meta property=\"og:description\" content=\"The data sheets not only create more transparency for the consumer, they also enable quick action to be taken in an emergency.\" \/>\n<meta property=\"og:url\" content=\"https:\/\/grizzlytools.de\/en\/service\/data-sheets-on-ingredients\/\" \/>\n<meta property=\"og:site_name\" content=\"Grizzly Tools\" \/>\n<meta property=\"article:modified_time\" content=\"2023-11-21T13:25:50+00:00\" \/>\n<meta name=\"twitter:card\" content=\"summary_large_image\" \/>\n<meta name=\"twitter:label1\" content=\"Est. reading time\" \/>\n\t<meta name=\"twitter:data1\" content=\"1 minute\" \/>\n<script type=\"application\/ld+json\" class=\"yoast-schema-graph\">{\"@context\":\"https:\\\/\\\/schema.org\",\"@graph\":[{\"@type\":\"WebPage\",\"@id\":\"https:\\\/\\\/grizzlytools.de\\\/en\\\/service\\\/data-sheets-on-ingredients\\\/\",\"url\":\"https:\\\/\\\/grizzlytools.de\\\/en\\\/service\\\/data-sheets-on-ingredients\\\/\",\"name\":\"Grizzly Tools | Data sheets on ingredients\",\"isPartOf\":{\"@id\":\"https:\\\/\\\/grizzlytools.de\\\/en\\\/#website\"},\"datePublished\":\"2023-11-07T11:46:37+00:00\",\"dateModified\":\"2023-11-21T13:25:50+00:00\",\"description\":\"The data sheets not only create more transparency for the consumer, they also enable quick action to be taken in an emergency.\",\"breadcrumb\":{\"@id\":\"https:\\\/\\\/grizzlytools.de\\\/en\\\/service\\\/data-sheets-on-ingredients\\\/#breadcrumb\"},\"inLanguage\":\"en-US\",\"potentialAction\":[{\"@type\":\"ReadAction\",\"target\":[\"https:\\\/\\\/grizzlytools.de\\\/en\\\/service\\\/data-sheets-on-ingredients\\\/\"]}]},{\"@type\":\"BreadcrumbList\",\"@id\":\"https:\\\/\\\/grizzlytools.de\\\/en\\\/service\\\/data-sheets-on-ingredients\\\/#breadcrumb\",\"itemListElement\":[{\"@type\":\"ListItem\",\"position\":1,\"name\":\"Start\",\"item\":\"https:\\\/\\\/grizzlytools.de\\\/en\\\/\"},{\"@type\":\"ListItem\",\"position\":2,\"name\":\"Service\",\"item\":\"https:\\\/\\\/grizzlytools.de\\\/en\\\/service\\\/\"},{\"@type\":\"ListItem\",\"position\":3,\"name\":\"Data sheets on ingredients\"}]},{\"@type\":\"WebSite\",\"@id\":\"https:\\\/\\\/grizzlytools.de\\\/en\\\/#website\",\"url\":\"https:\\\/\\\/grizzlytools.de\\\/en\\\/\",\"name\":\"Grizzly Tools\",\"description\":\"Hol&#039; dir den B\u00e4r in Heim und Garten.\",\"publisher\":{\"@id\":\"https:\\\/\\\/grizzlytools.de\\\/en\\\/#organization\"},\"potentialAction\":[{\"@type\":\"SearchAction\",\"target\":{\"@type\":\"EntryPoint\",\"urlTemplate\":\"https:\\\/\\\/grizzlytools.de\\\/en\\\/?s={search_term_string}\"},\"query-input\":{\"@type\":\"PropertyValueSpecification\",\"valueRequired\":true,\"valueName\":\"search_term_string\"}}],\"inLanguage\":\"en-US\"},{\"@type\":\"Organization\",\"@id\":\"https:\\\/\\\/grizzlytools.de\\\/en\\\/#organization\",\"name\":\"Grizzly Tools\",\"url\":\"https:\\\/\\\/grizzlytools.de\\\/en\\\/\",\"logo\":{\"@type\":\"ImageObject\",\"inLanguage\":\"en-US\",\"@id\":\"https:\\\/\\\/grizzlytools.de\\\/en\\\/#\\\/schema\\\/logo\\\/image\\\/\",\"url\":\"https:\\\/\\\/grizzlytools.de\\\/wp-content\\\/uploads\\\/2021\\\/12\\\/Grizzly-Logo-mit-Tatze-transparent_ohneR.png\",\"contentUrl\":\"https:\\\/\\\/grizzlytools.de\\\/wp-content\\\/uploads\\\/2021\\\/12\\\/Grizzly-Logo-mit-Tatze-transparent_ohneR.png\",\"width\":600,\"height\":221,\"caption\":\"Grizzly Tools\"},\"image\":{\"@id\":\"https:\\\/\\\/grizzlytools.de\\\/en\\\/#\\\/schema\\\/logo\\\/image\\\/\"}}]}<\/script>\n<!-- \/ Yoast SEO plugin. -->","yoast_head_json":{"title":"Grizzly Tools | Data sheets on ingredients","description":"The data sheets not only create more transparency for the consumer, they also enable quick action to be taken in an emergency.","robots":{"index":"index","follow":"follow","max-snippet":"max-snippet:-1","max-image-preview":"max-image-preview:large","max-video-preview":"max-video-preview:-1"},"canonical":"https:\/\/grizzlytools.de\/en\/service\/data-sheets-on-ingredients\/","og_locale":"en_US","og_type":"article","og_title":"Grizzly Tools | Data sheets on ingredients","og_description":"The data sheets not only create more transparency for the consumer, they also enable quick action to be taken in an emergency.","og_url":"https:\/\/grizzlytools.de\/en\/service\/data-sheets-on-ingredients\/","og_site_name":"Grizzly Tools","article_modified_time":"2023-11-21T13:25:50+00:00","twitter_card":"summary_large_image","twitter_misc":{"Est. reading time":"1 minute"},"schema":{"@context":"https:\/\/schema.org","@graph":[{"@type":"WebPage","@id":"https:\/\/grizzlytools.de\/en\/service\/data-sheets-on-ingredients\/","url":"https:\/\/grizzlytools.de\/en\/service\/data-sheets-on-ingredients\/","name":"Grizzly Tools | Data sheets on ingredients","isPartOf":{"@id":"https:\/\/grizzlytools.de\/en\/#website"},"datePublished":"2023-11-07T11:46:37+00:00","dateModified":"2023-11-21T13:25:50+00:00","description":"The data sheets not only create more transparency for the consumer, they also enable quick action to be taken in an emergency.","breadcrumb":{"@id":"https:\/\/grizzlytools.de\/en\/service\/data-sheets-on-ingredients\/#breadcrumb"},"inLanguage":"en-US","potentialAction":[{"@type":"ReadAction","target":["https:\/\/grizzlytools.de\/en\/service\/data-sheets-on-ingredients\/"]}]},{"@type":"BreadcrumbList","@id":"https:\/\/grizzlytools.de\/en\/service\/data-sheets-on-ingredients\/#breadcrumb","itemListElement":[{"@type":"ListItem","position":1,"name":"Start","item":"https:\/\/grizzlytools.de\/en\/"},{"@type":"ListItem","position":2,"name":"Service","item":"https:\/\/grizzlytools.de\/en\/service\/"},{"@type":"ListItem","position":3,"name":"Data sheets on ingredients"}]},{"@type":"WebSite","@id":"https:\/\/grizzlytools.de\/en\/#website","url":"https:\/\/grizzlytools.de\/en\/","name":"Grizzly Tools","description":"Hol&#039; dir den B\u00e4r in Heim und Garten.","publisher":{"@id":"https:\/\/grizzlytools.de\/en\/#organization"},"potentialAction":[{"@type":"SearchAction","target":{"@type":"EntryPoint","urlTemplate":"https:\/\/grizzlytools.de\/en\/?s={search_term_string}"},"query-input":{"@type":"PropertyValueSpecification","valueRequired":true,"valueName":"search_term_string"}}],"inLanguage":"en-US"},{"@type":"Organization","@id":"https:\/\/grizzlytools.de\/en\/#organization","name":"Grizzly Tools","url":"https:\/\/grizzlytools.de\/en\/","logo":{"@type":"ImageObject","inLanguage":"en-US","@id":"https:\/\/grizzlytools.de\/en\/#\/schema\/logo\/image\/","url":"https:\/\/grizzlytools.de\/wp-content\/uploads\/2021\/12\/Grizzly-Logo-mit-Tatze-transparent_ohneR.png","contentUrl":"https:\/\/grizzlytools.de\/wp-content\/uploads\/2021\/12\/Grizzly-Logo-mit-Tatze-transparent_ohneR.png","width":600,"height":221,"caption":"Grizzly Tools"},"image":{"@id":"https:\/\/grizzlytools.de\/en\/#\/schema\/logo\/image\/"}}]}},"_links":{"self":[{"href":"https:\/\/grizzlytools.de\/en\/wp-json\/wp\/v2\/pages\/8289","targetHints":{"allow":["GET"]}}],"collection":[{"href":"https:\/\/grizzlytools.de\/en\/wp-json\/wp\/v2\/pages"}],"about":[{"href":"https:\/\/grizzlytools.de\/en\/wp-json\/wp\/v2\/types\/page"}],"author":[{"embeddable":true,"href":"https:\/\/grizzlytools.de\/en\/wp-json\/wp\/v2\/users\/1"}],"replies":[{"embeddable":true,"href":"https:\/\/grizzlytools.de\/en\/wp-json\/wp\/v2\/comments?post=8289"}],"version-history":[{"count":9,"href":"https:\/\/grizzlytools.de\/en\/wp-json\/wp\/v2\/pages\/8289\/revisions"}],"predecessor-version":[{"id":8298,"href":"https:\/\/grizzlytools.de\/en\/wp-json\/wp\/v2\/pages\/8289\/revisions\/8298"}],"up":[{"embeddable":true,"href":"https:\/\/grizzlytools.de\/en\/wp-json\/wp\/v2\/pages\/7452"}],"wp:attachment":[{"href":"https:\/\/grizzlytools.de\/en\/wp-json\/wp\/v2\/media?parent=8289"}],"curies":[{"name":"wp","href":"https:\/\/api.w.org\/{rel}","templated":true}]}}